{"id":27633,"date":"2024-07-02T13:39:59","date_gmt":"2024-07-02T10:39:59","guid":{"rendered":"https:\/\/lakinstore.co\/?page_id=27633"},"modified":"2024-08-22T20:18:52","modified_gmt":"2024-08-22T17:18:52","slug":"clarification-text-on-the-protection-of-personal-data","status":"publish","type":"page","link":"https:\/\/lakinstore.co\/en\/clarification-text-on-the-protection-of-personal-data\/","title":{"rendered":"Clarification Text On The Protection Of Personal Data"},"content":{"rendered":"\t\t<div data-elementor-type=\"wp-page\" data-elementor-id=\"27633\" class=\"elementor elementor-27633 elementor-17\">\n\t\t\t\t<div class=\"wd-negative-gap elementor-element elementor-element-48422b6 e-flex e-con-boxed e-con e-parent\" data-id=\"48422b6\" data-element_type=\"container\" data-e-type=\"container\">\n\t\t\t\t\t<div class=\"e-con-inner\">\n\t\t\t\t<div class=\"elementor-element elementor-element-c899188 color-scheme-inherit text-left elementor-widget elementor-widget-text-editor\" data-id=\"c899188\" data-element_type=\"widget\" data-e-type=\"widget\" data-widget_type=\"text-editor.default\">\n\t\t\t\t<div class=\"elementor-widget-container\">\n\t\t\t\t\t\t\t\t\t<p><span data-contrast=\"none\">As Nice And Glam Tekstil Mobilya Sanayi Ve Ticaret Anonim \u015eirketi (&#8220;Company&#8221;), we care about the privacy and security of your personal data. In this context, information about your personal data processed in order to fulfill our disclosure obligation arising from Article 10 of the Personal Data Protection Law No 6698. We share with you below.<\/span><span data-ccp-props=\"{&quot;335551550&quot;:6,&quot;335551620&quot;:6}\">&nbsp;<\/span><\/p>\n<p><b><span data-contrast=\"none\">a)<\/span><\/b><span data-contrast=\"none\">\u202f \u202f <\/span><b><span data-contrast=\"none\">Your Personal Data Processed By The Company<\/span><\/b><span data-ccp-props=\"{&quot;335551550&quot;:6,&quot;335551620&quot;:6,&quot;335559685&quot;:720,&quot;335559991&quot;:360}\">&nbsp;<\/span><\/p>\n<p><span data-contrast=\"none\">The personal data listed below can be processed by the persons who enter the website,&nbsp;&nbsp; accepting the membership conditions on the website, create an order as a guest without being a member, follow and\/or purchase the products on the website.<\/span><span data-ccp-props=\"{&quot;335551550&quot;:6,&quot;335551620&quot;:6}\">&nbsp;<\/span><\/p>\n<p><span data-contrast=\"none\">\u2022 <\/span><b><span data-contrast=\"none\">Your Identity Information:<\/span><\/b><span data-contrast=\"none\"> your name, surname, gender and age information,<br><\/span><b><span data-contrast=\"none\">\u2022 Your Contact Information:<\/span><\/b><span data-contrast=\"none\"> your mobile phone number, delivery address, e-mail address,<br><\/span><span data-contrast=\"none\">\u2022<\/span><span data-contrast=\"none\">&nbsp;<\/span><b><span data-contrast=\"none\">Your Customer Transaction Information:<\/span><\/b><span data-contrast=\"none\"> your order and billing information, your delivery transaction information, transaction history information regarding your purchases, your request and complaint information, information regarding the contents of correspondence made via telephone or e-mail,<br><\/span><b><span data-contrast=\"none\">\u2022 Your Transaction Security Information:<\/span><\/b><span data-contrast=\"none\"> IP address information, password and password information, cookie information,<br><\/span><b><span data-contrast=\"none\">\u2022 Your Legal Transaction Information:<\/span><\/b><span data-contrast=\"none\">information in correspondence with authorized persons, institutions and organizations, information in lawsuit and enforcement files, your legal information request information.<\/span><\/p>\n<p><b><span data-contrast=\"none\">b)<\/span><\/b><span data-contrast=\"none\">\u202f \u202f <\/span><b><span data-contrast=\"none\">Purposes Of Processing Your Personal Data And Methods Of Collection<\/span><\/b><span data-ccp-props=\"{&quot;335551550&quot;:6,&quot;335551620&quot;:6,&quot;335559685&quot;:720,&quot;335559991&quot;:360}\">&nbsp;<\/span><\/p>\n<p><b><span data-contrast=\"none\">Your identity, contact and customer transaction information;<\/span><\/b><span data-contrast=\"none\"> Within the scope of our contractual relationship, it is automatically collected and processed electronically from you and\/or the website for the following purposes.<\/span><span data-ccp-props=\"{&quot;335551550&quot;:6,&quot;335551620&quot;:6}\">&nbsp;<\/span><\/p>\n<p><span data-contrast=\"none\">\u2022 Execution of the processes for the establishment and performance of the contract,<br><\/span><span data-contrast=\"none\">\u2022 Execution and supervision of finance and accounting processes,<br><\/span>\u2022Execution and supervision of the company&#8217;s business activities,<br>\u2022 Execution of invoicing processes,<br>\u2022 Execution of logistics, cargo activities and follow-up of delivery processes,<br>\u2022 Making purchases on the website and confirming the identity information of the trader,<br>\u2022 To increase customer satisfaction, to know our customers who shop online and to use them in customer environment analysis,<br>\u2022 Carrying out activities for the development and improvement of the products and services offered by our company,<br>\u2022 Carrying out strategic analysis studies,<br>\u2022 Execution of communication activities,<br><span data-contrast=\"none\">\u2022 Presenting products that you may be interested in, taking into account your interests,<br><\/span>\u2022 Contacting and informing about the conditions, current status and updates of the contracts concluded on our website within the scope of the relevant articles of the Law on Distance Sales Contract and Consumer Protection,<br>\u2022 Evaluation of your requests, complaints and suggestions regarding our products and services,<br>\u2022 Enabling you to receive information about the products,<br>\u2022 Execution of after-sales support services for goods and services,<br>\u2022 Execution of information security processes,<br>\u2022 Ensuring the security of operations,<br>\u2022 Ensuring that the activities are carried out in accordance with the legislation,<br>\u2022 Follow-up and execution of legal affairs,<br>\u2022 Providing information to authorized persons, public institutions and organizations.<\/p>\n<p><span data-ccp-props=\"{}\">&nbsp;<\/span><b><span data-contrast=\"none\">Your transaction security information;<\/span><\/b><span data-contrast=\"none\"> Within the scope of our contractual relationship, it is automatically collected and processed electronically from you and\/or the website for the following purposes.<\/span><span data-ccp-props=\"{&quot;335551550&quot;:6,&quot;335551620&quot;:6}\">&nbsp;<\/span><\/p>\n<p><span data-contrast=\"none\">\u2022 Execution of the processes for the establishment and performance of the contract,<br><\/span>\u2022 Execution and supervision of the company&#8217;s business activities,<br>\u2022 Making purchases on the website and confirming the identity information of the trader,<br>\u2022 Carrying out activities to provide you with a better shopping experience and to increase your satisfaction, especially to use it in various marketing and advertising activities, if you have your express consent, to offer you products that are suitable for your preferences,<br>\u2022 To increase customer satisfaction, to know our customers who shop from the website and to use them in customer environment analysis,<br>\u2022 Carrying out activities for the development and improvement of the products and services offered by our company,<br>\u2022 Execution of information security processes,<br>\u2022 Ensuring the security of operations,<br>\u2022 Ensuring that the activities are carried out in accordance with the legislation,<br>\u2022 Providing information to authorized persons, institutions and organizations.<\/p>\n<p><b><span data-contrast=\"none\">Your legal transaction information;<\/span><\/b><span data-contrast=\"none\"> Within the scope of our contractual relationship, it is automatically collected and processed electronically from you and\/or the website for the following purposes.<\/span><span data-ccp-props=\"{&quot;335551550&quot;:6,&quot;335551620&quot;:6}\">&nbsp;<\/span><\/p>\n<p><span data-contrast=\"none\">\u2022 Execution of the processes for the establishment and performance of the contract,<br><\/span>\u2022 Execution and supervision of the company&#8217;s business activities,<br>\u2022 Execution of information security processes,<br>\u2022 Ensuring the security of operations,<br>\u2022 Ensuring that the activities are carried out in accordance with the legislation,<br>\u2022 Follow-up and execution of legal affairs,<br>\u2022 Providing information to authorized persons, institutions and organizations.<\/p>\n<p><b><span data-contrast=\"none\">c)<\/span><\/b><span data-contrast=\"none\"> \u202f \u202f <\/span><b><span data-contrast=\"none\">Legal Reason For Processing Your Personal Data<\/span><\/b><\/p>\n<p><span data-contrast=\"none\">The Company processes your personal data, which is regulated under the heading a) of Article 1, for the above-mentioned purposes, based on the legal compliance reasons specified in Articles 5, 8 and 9 of the KVKK and listed below.<\/span><span data-ccp-props=\"{&quot;335551550&quot;:6,&quot;335551620&quot;:6}\">&nbsp;<\/span><\/p>\n<p><span data-contrast=\"none\">\u2022 Based on the legal reason that the processing of your personal data is necessary, provided that it is directly related to the establishment or performance of the contract;<br>\u2022<\/span><span data-contrast=\"none\"> Based on the legal reason that it is compulsory for our company to fulfill its legal obligation;<br><\/span><span data-contrast=\"none\">\u2022 Based on the legal reason that data processing is mandatory for the establishment, exercise or protection of a right;<br><\/span>\u2022 Based on the legal reason that data processing is mandatory for the legitimate interests of our company, provided that it does not harm fundamental rights and freedoms;<br>\u2022 Based on the legal reason that it is clearly stipulated in the legislation to which our Company is subject, particularly the Law 6563 on the Regulation of Electronic Commerce, the Turkish Commercial Code No. 6102, the Turkish Penal Code No. 5237 and the Law on the Protection of the Consumer No. 6502;<br><span data-contrast=\"none\">\u2022 Based on the legal reason for your explicit consent;<\/span><span data-contrast=\"none\"> Transferring personal data abroad (Cookie information is transferred only because Google Analytic&#8217;s servers are located abroad. Your identity, communication, legal transaction data will not be transferred abroad.)<\/span><\/p>\n<p><span data-ccp-props=\"{&quot;335551550&quot;:6,&quot;335551620&quot;:6}\">&nbsp;<strong>d) <\/strong><\/span><b><span data-contrast=\"none\">Tranfer of Personal Data<\/span><\/b><span data-ccp-props=\"{&quot;335551550&quot;:6,&quot;335551620&quot;:6}\">&nbsp;<\/span><\/p>\n<p><span data-contrast=\"none\">Our company takes care to process your personal data by providing the necessary data minimization and taking the necessary technical and administrative security measures.<\/span><span data-ccp-props=\"{&quot;335551550&quot;:6,&quot;335551620&quot;:6}\">&nbsp;<\/span><\/p>\n<p><span data-contrast=\"none\">Your personal data, executing the delivery processes of the products you ordered, managing your help and support requests, carrying out activities to increase your experience and satisfaction, carrying out activities for the development and improvement of the products and services offered by our company, providing you with a better shopping experience and increasing your satisfaction, To the extent necessary, especially for the purposes of ensuring business continuity, ensuring information security, fulfilling legal obligations and limited to the purposes specified in the second article of this clarification text:<\/span><span data-ccp-props=\"{&quot;335551550&quot;:6,&quot;335551620&quot;:6}\">&nbsp;<\/span><\/p>\n<p><span style=\"text-decoration: underline;\">Based on the legal reasons that it is clearly stipulated in the legislation to which our company is subject and that it is necessary for the fulfillment of its legal obligation, it is necessary for the establishment or performance of the contract;&nbsp;<\/span><\/p>\n<p><span data-ccp-props=\"{}\">\u2022 <\/span><span data-contrast=\"none\">Information of the person to whom the product will be delivered on behalf of you and\/or the cargo companies for the purpose of carrying out logistics activities and following the delivery processes,<br><\/span>\u2022 With our consultants and service providers, banks, financial advisors, in order to carry out invoicing processes,<br>\u2022 With our relevant business partners, consultants and service providers, banks, financial advisors for the management and evaluation of financial and accounting processes, and the prevention of fraud,<br>\u2022 With the e-invoice business partner to send the e-invoice to the customer electronically; with courier companies for the purpose of physical contract or invoice delivery,<br>\u2022 In order to fulfill tax obligations, the invoices and collection receipts of the T.C. With the officials of the Ministry of Treasury and Finance,<br>\u2022 With our business partners and service providers that provide, operate or service our IT infrastructure,<\/p>\n<p><span style=\"text-decoration: underline;\">Based on legal reasons that data processing is mandatory for the establishment, use or protection of a right, it is clearly stipulated in the legislation to which our company is subject, and it is necessary for the fulfillment of its legal obligations;&nbsp;<\/span><\/p>\n<p><span data-contrast=\"none\">\u2022 With lawyers, auditors, forensic experts, cyber security consultants, tax consultants and other third parties from whom we receive consultancy and service within the scope of fulfilling legal obligations,<br><\/span>\u2022 With authorized public institutions and organizations such as regulatory and supervisory institutions, courts and enforcement offices,<br>\u2022 It can be shared with other public institutions or organizations that are authorized to request your personal data, with contracted banks and third parties from whom we purchase products or services.<\/p>\n<p><span data-ccp-props=\"{&quot;335551550&quot;:6,&quot;335551620&quot;:6}\">&nbsp;<\/span><b><span data-contrast=\"none\">YOUR RIGHTS REGARDING YOUR PERSONAL DATA<\/span><\/b><span data-ccp-props=\"{&quot;335551550&quot;:6,&quot;335551620&quot;:6}\">&nbsp;<\/span><\/p>\n<p><span data-contrast=\"none\">By applying to our Company through the methods listed in the &#8220;Contact Information for Relevant Person Application&#8221; section of this Clarification Text,<\/span><span data-ccp-props=\"{}\">&nbsp;<\/span><\/p>\n<p><span data-contrast=\"none\">\u2022 Learning whether your personal data is processed,<br><\/span>\u2022 Requesting information about it if it has been processed,<br>\u2022 To learn the purpose of processing your personal data and whether they are used in accordance with the purpose,<br>\u2022 Knowing the third parties to whom it has been transferred in the country or abroad,<br>\u2022 Requesting correction of personal data if it is incomplete or incorrectly processed,<br>\u2022 Requesting the deletion or destruction of your personal data within the framework of the conditions stipulated in the KVKK,<br>\u2022 Requesting notification of the transactions made in accordance with your rights in the form of correction, deletion and destruction mentioned above, to third parties to whom personal data has been transferred,<br>\u2022 Objecting to the emergence of a result against you by analyzing your processed personal data exclusively with automated systems,<br>\u2022 You have the right to demand the compensation of your damage in case you suffer damage due to the processing of your personal data in violation of the relevant legislation.<\/p>\n<p><span data-ccp-props=\"{}\">&nbsp;<\/span><b><span data-contrast=\"none\">CONTACT INFORMATION FOR DATA SUBJECT APPLICATION<\/span><\/b><span data-ccp-props=\"{&quot;335551550&quot;:6,&quot;335551620&quot;:6}\">&nbsp;<\/span><\/p>\n<p><span data-contrast=\"none\">You can send your questions and requests regarding your personal data to the Data Controller with a petition prepared in accordance with the conditions specified in the Communiqu\u00e9 on Application Procedures and Principles, or with the &#8220;Application Form&#8221;, using the methods below. You can find the application form <\/span><span data-contrast=\"none\">here.<\/span><span data-ccp-props=\"{&quot;335551550&quot;:6,&quot;335551620&quot;:6}\">&nbsp;<\/span><\/p>\n<p><span data-ccp-props=\"{&quot;335551550&quot;:6,&quot;335551620&quot;:6}\">&nbsp;<\/span><span data-contrast=\"none\">\u202f<\/span><span data-ccp-props=\"{&quot;335551550&quot;:6,&quot;335551620&quot;:6}\">&nbsp;<\/span><\/p>\n<table data-tablestyle=\"MsoNormalTable\" data-tablelook=\"1184\" aria-rowcount=\"4\">\n<tbody>\n<tr aria-rowindex=\"1\">\n<td data-celllook=\"4369\">\n<p><b><span data-contrast=\"none\">Application Method<\/span><\/b><span data-ccp-props=\"{&quot;335551550&quot;:6,&quot;335551620&quot;:6}\">&nbsp;<\/span><\/p>\n<\/td>\n<td data-celllook=\"4369\">\n<p><b><span data-contrast=\"none\">Address to Apply<\/span><\/b><span data-ccp-props=\"{&quot;335551550&quot;:6,&quot;335551620&quot;:6}\">&nbsp;<\/span><\/p>\n<\/td>\n<\/tr>\n<tr aria-rowindex=\"2\">\n<td data-celllook=\"4369\">\n<p><span data-contrast=\"auto\">Notary<\/span><span data-ccp-props=\"{&quot;335551550&quot;:6,&quot;335551620&quot;:6}\">&nbsp;<\/span><\/p>\n<\/td>\n<td data-celllook=\"4369\">\n<p><span data-contrast=\"none\">Adalet Mah. Manas Bul. Folkart Towers Blok No: 47b \u0130\u00e7 Kap\u0131 No: 2601 Bayrakl\u0131 \/ \u0130zmir<\/span><span data-ccp-props=\"{&quot;335551550&quot;:6,&quot;335551620&quot;:6}\">&nbsp;<\/span><\/p>\n<\/td>\n<\/tr>\n<tr aria-rowindex=\"3\">\n<td data-celllook=\"4369\">\n<p><span data-contrast=\"none\">Registered Electronic Mail (KEP) by Signing with Secure Electronic Signature or Mobile Signature<\/span><span data-ccp-props=\"{&quot;335551550&quot;:6,&quot;335551620&quot;:6}\">&nbsp;<\/span><\/p>\n<\/td>\n<td data-celllook=\"4369\"><p><span data-ccp-props=\"{&quot;335551550&quot;:6,&quot;335551620&quot;:6}\"><a class=\"ql-link\" href=\"mailto:niceandglamtekstil@hs01.kep.tr\" rel=\"noopener noreferrer\" target=\"_blank\" style=\"font-size: 14px; background-color: var(--wd-main-bgcolor);\">niceandglamtekstil@hs01.kep.tr<\/a>&nbsp;<\/span><\/p>\n<\/td>\n<\/tr>\n<tr aria-rowindex=\"4\">\n<td data-celllook=\"4369\">\n<p><span data-contrast=\"none\">From your e-mail address previously notified to our company and registered in the system.<\/span><span data-ccp-props=\"{&quot;335551550&quot;:6,&quot;335551620&quot;:6}\">&nbsp;<\/span><\/p>\n<\/td>\n<td data-celllook=\"4369\">\n<p><span data-contrast=\"none\">hello@lakinstore.co<\/span><span data-ccp-props=\"{&quot;335551550&quot;:6,&quot;335551620&quot;:6}\">&nbsp;<\/span><\/p>\n<\/td>\n<\/tr>\n<\/tbody>\n<\/table>\n<p><span data-ccp-props=\"{&quot;335559739&quot;:240}\">&nbsp;<\/span><\/p>\n<p><b><span data-contrast=\"none\">In the notification envelope of the application form or in the subject of the e-mail &#8220;<\/span><\/b><span style=\"text-decoration: underline;\"><b>Data Subject\u2019s Request<\/b><\/span><b><span data-contrast=\"none\">&#8220;Please write.<\/span><\/b><span data-ccp-props=\"{&quot;335551550&quot;:6,&quot;335551620&quot;:6}\">&nbsp;<\/span><\/p>\n<p><span data-contrast=\"none\">As personal data owners, if you submit your requests regarding your rights to the COMPANY, the COMPANY will finalize your request free of charge within 30 (thirty) days at the latest. However, if the response to your application requires a cost in accordance with the legislation, the fee in the tariff determined by the Personal Data Protection Board may be charged by the COMPANY.<\/span><span data-ccp-props=\"{&quot;335551550&quot;:6,&quot;335551620&quot;:6}\">&nbsp;<\/span><\/p>\n<p><span style=\"text-decoration: underline;\"><strong><a href=\"https:\/\/lakinstore.co\/wp-content\/uploads\/2024\/08\/6-Data-Subjects-Request.pdf\">Application Form<\/a><\/strong><\/span><\/p>\n<p><span data-contrast=\"none\">NICE AND GLAM TEKST\u0130L MOB\u0130LYA SANAY\u0130 VE T\u0130CARET ANON\u0130M \u015e\u0130RKET\u0130&nbsp;<\/span><span data-ccp-props=\"{&quot;335551550&quot;:6,&quot;335551620&quot;:6}\">&nbsp;<\/span><\/p>\n<p><span data-contrast=\"none\">Kar\u015f\u0131yaka VD. \u2013 <\/span><span data-contrast=\"none\">6311809182<\/span><span data-ccp-props=\"{&quot;335551550&quot;:6,&quot;335551620&quot;:6}\">&nbsp;<\/span><\/p>\n<p><span data-contrast=\"none\">Adalet Mah. Manas Bul. Folkart Towers Blok No: 47b \u0130\u00e7 Kap\u0131 No: 2601 Bayrakl\u0131 \/ \u0130zmir<\/span><span data-ccp-props=\"{&quot;335551550&quot;:6,&quot;335551620&quot;:6}\">&nbsp;<\/span><\/p>\n<div style=\"transform: translate(190px, 283px);\" aria-expanded=\"false\">\n<div style=\"z-index: 100000200; visibility: hidden; position: absolute; inset: auto auto 0px 0px; margin: 0px; transform: translate(406px, -20px); pointer-events: none;\" data-tippy-root=\"\">\n<div style=\"max-width: 350px; transition-duration: 250ms;\" tabindex=\"-1\" role=\"mtttooltip\" data-state=\"hidden\" data-theme=\"custom\" data-animation=\"fade\" data-placement=\"top\" data-reference-hidden=\"\">\n<div style=\"transition-duration: 250ms;\" data-state=\"hidden\"><span dir=\"ltr\">deepl is broken<\/span><\/div>\n<div style=\"position: absolute; left: 0px; transform: translate(85px, 0px);\">&nbsp;<\/div>\n<\/div>\n<\/div>\n<\/div>\t\t\t\t\t\t\t\t<\/div>\n\t\t\t\t<\/div>\n\t\t\t\t\t<\/div>\n\t\t\t\t<\/div>\n\t\t\t\t<\/div>\n\t\t","protected":false},"excerpt":{"rendered":"<p>As Nice And Glam Tekstil Mobilya Sanayi Ve Ticaret Anonim \u015eirketi (&#8220;Company&#8221;), we care about the privacy and security of<\/p>\n","protected":false},"author":1,"featured_media":0,"parent":0,"menu_order":0,"comment_status":"closed","ping_status":"closed","template":"","meta":{"footnotes":""},"class_list":["post-27633","page","type-page","status-publish","hentry"],"_links":{"self":[{"href":"https:\/\/lakinstore.co\/en\/wp-json\/wp\/v2\/pages\/27633","targetHints":{"allow":["GET"]}}],"collection":[{"href":"https:\/\/lakinstore.co\/en\/wp-json\/wp\/v2\/pages"}],"about":[{"href":"https:\/\/lakinstore.co\/en\/wp-json\/wp\/v2\/types\/page"}],"author":[{"embeddable":true,"href":"https:\/\/lakinstore.co\/en\/wp-json\/wp\/v2\/users\/1"}],"replies":[{"embeddable":true,"href":"https:\/\/lakinstore.co\/en\/wp-json\/wp\/v2\/comments?post=27633"}],"version-history":[{"count":0,"href":"https:\/\/lakinstore.co\/en\/wp-json\/wp\/v2\/pages\/27633\/revisions"}],"wp:attachment":[{"href":"https:\/\/lakinstore.co\/en\/wp-json\/wp\/v2\/media?parent=27633"}],"curies":[{"name":"wp","href":"https:\/\/api.w.org\/{rel}","templated":true}]}}