{"id":27615,"date":"2024-07-30T12:47:28","date_gmt":"2024-07-30T09:47:28","guid":{"rendered":"https:\/\/lakinstore.co\/?page_id=27615"},"modified":"2024-08-16T08:44:58","modified_gmt":"2024-08-16T05:44:58","slug":"bank-account-information","status":"publish","type":"page","link":"https:\/\/lakinstore.co\/en\/bank-account-information\/","title":{"rendered":"Bank Account Information"},"content":{"rendered":"\t\t<div data-elementor-type=\"wp-page\" data-elementor-id=\"27615\" class=\"elementor elementor-27615 elementor-27585\">\n\t\t\t\t<div class=\"wd-negative-gap elementor-element elementor-element-fbf485c e-flex e-con-boxed e-con e-parent\" data-id=\"fbf485c\" data-element_type=\"container\" data-e-type=\"container\">\n\t\t\t\t\t<div class=\"e-con-inner\">\n\t\t\t\t<div class=\"elementor-element elementor-element-e6a81d4 color-scheme-inherit text-left elementor-widget elementor-widget-text-editor\" data-id=\"e6a81d4\" data-element_type=\"widget\" data-e-type=\"widget\" data-widget_type=\"text-editor.default\">\n\t\t\t\t<div class=\"elementor-widget-container\">\n\t\t\t\t\t\t\t\t\t<ul><li data-leveltext=\"\uf0b7\" data-font=\"Symbol\" data-listid=\"1\" data-list-defn-props=\"{&quot;335552541&quot;:1,&quot;335559685&quot;:720,&quot;335559991&quot;:360,&quot;469769226&quot;:&quot;Symbol&quot;,&quot;469769242&quot;:[8226],&quot;469777803&quot;:&quot;left&quot;,&quot;469777804&quot;:&quot;\uf0b7&quot;,&quot;469777815&quot;:&quot;hybridMultilevel&quot;}\" aria-setsize=\"-1\" data-aria-posinset=\"1\" data-aria-level=\"1\">Please write your <strong>NAME AND SURNAME<\/strong> and the <strong>PRODUCT NAME<\/strong> and <strong>DIMENSIONS<\/strong> you want to order in the description section during the payment step.\u00a0<\/li><li data-leveltext=\"\uf0b7\" data-font=\"Symbol\" data-listid=\"1\" data-list-defn-props=\"{&quot;335552541&quot;:1,&quot;335559685&quot;:720,&quot;335559991&quot;:360,&quot;469769226&quot;:&quot;Symbol&quot;,&quot;469769242&quot;:[8226],&quot;469777803&quot;:&quot;left&quot;,&quot;469777804&quot;:&quot;\uf0b7&quot;,&quot;469777815&quot;:&quot;hybridMultilevel&quot;}\" aria-setsize=\"-1\" data-aria-posinset=\"2\" data-aria-level=\"1\">After the money transfer, please <strong>share your receipt<\/strong> with our Whatsapp line at 0543 963 61 65\u00a0or our e-mail address <a href=\"mailto:hello@lakinstore.co\">hello@lakinstore.co<\/a>. Thank you in advance for your interest.\u00a0<\/li><\/ul><p><strong>Receiver for All Banks:<\/strong> NICE AND GLAM TEKST\u0130L MOB\u0130LYA SANAY\u0130 VE T\u0130CARET ANON\u0130M \u015e\u0130RKET\u0130\u00a0<\/p><p><span data-ccp-props=\"{&quot;335559685&quot;:2835,&quot;335559991&quot;:2977}\">\u00a0<\/span><\/p><p><span data-contrast=\"auto\">Bank Name <\/span> <span data-contrast=\"auto\">: GARANT\u0130 BANKASI<\/span><span data-ccp-props=\"{&quot;335559685&quot;:2835,&quot;335559991&quot;:2977}\">\u00a0<\/span><\/p><p><span data-contrast=\"auto\">Branch Code <\/span> <span data-contrast=\"auto\">: 713<\/span><span data-ccp-props=\"{&quot;335559685&quot;:2835,&quot;335559991&quot;:2977}\">\u00a0<\/span><\/p><p><span data-contrast=\"auto\">Branch name <\/span> <span data-contrast=\"auto\">:<\/span> <span data-contrast=\"auto\">K\u0131br\u0131s \u015eehitleri<\/span><span data-ccp-props=\"{&quot;335559685&quot;:2835,&quot;335559991&quot;:2977}\">\u00a0<\/span><\/p><p><span data-contrast=\"auto\">Account Number <\/span> <span data-contrast=\"auto\">: 6296224<\/span><span data-ccp-props=\"{&quot;335559685&quot;:2835,&quot;335559991&quot;:2977}\">\u00a0<\/span><\/p><p><span data-contrast=\"auto\">IBAN <\/span> <span data-contrast=\"auto\">: <\/span><b><span data-contrast=\"auto\">TR17 0006 2000 7130 0006 2962 24<\/span><\/b><span data-ccp-props=\"{&quot;335559685&quot;:2835,&quot;335559991&quot;:2977}\">\u00a0<\/span><\/p><p><span data-ccp-props=\"{&quot;335559685&quot;:2835,&quot;335559991&quot;:2977}\">\u00a0<\/span><span data-ccp-props=\"{&quot;335559685&quot;:2835,&quot;335559991&quot;:2977}\">\u00a0<\/span><\/p><p><span data-contrast=\"auto\">Bank Name <\/span> <span data-contrast=\"auto\">: HALKBANK<\/span><span data-ccp-props=\"{&quot;335559685&quot;:2835,&quot;335559991&quot;:2977}\">\u00a0<\/span><\/p><p><span data-contrast=\"auto\">Branch Code <\/span> <span data-contrast=\"auto\">: 0710<\/span><span data-ccp-props=\"{&quot;335559685&quot;:2835,&quot;335559991&quot;:2977}\">\u00a0<\/span><\/p><p><span data-contrast=\"auto\">Branch name <\/span> <span data-contrast=\"auto\">:<\/span> <span data-contrast=\"auto\">KAR\u015eIYAKA\u00a0<\/span><span data-ccp-props=\"{&quot;335559685&quot;:2835,&quot;335559991&quot;:2977}\">\u00a0<\/span><\/p><p><span data-contrast=\"auto\">Account Number <\/span> <span data-contrast=\"auto\">: 10261693<\/span><span data-ccp-props=\"{&quot;335559685&quot;:2835,&quot;335559991&quot;:2977}\">\u00a0<\/span><\/p><p><span data-contrast=\"auto\">IBAN <\/span> <span data-contrast=\"auto\">: <\/span><b><span data-contrast=\"auto\">TR10 0001 2009 7100 0010 2616 93<\/span><\/b><span data-ccp-props=\"{&quot;335559685&quot;:2835,&quot;335559991&quot;:2977}\">\u00a0<\/span><\/p><p><span data-ccp-props=\"{&quot;335559685&quot;:2835,&quot;335559991&quot;:2977}\">\u00a0<\/span><\/p><p><span data-contrast=\"auto\">Bank Name <\/span> <span data-contrast=\"auto\">: VAKIFBANK<\/span><span data-ccp-props=\"{&quot;335559685&quot;:2835,&quot;335559991&quot;:2977}\">\u00a0<\/span><\/p><p><span data-contrast=\"auto\">Branch Code <\/span> <span data-contrast=\"auto\">: 318<\/span><span data-ccp-props=\"{&quot;335559685&quot;:2835,&quot;335559991&quot;:2977}\">\u00a0<\/span><\/p><p><span data-contrast=\"auto\">Branch name <\/span> <span data-contrast=\"auto\">:<\/span> <span data-contrast=\"auto\">DEN\u0130ZBOSTALI\u00a0<\/span><span data-ccp-props=\"{&quot;335559685&quot;:2835,&quot;335559991&quot;:2977}\">\u00a0<\/span><\/p><p><span data-contrast=\"auto\">Account Number <\/span> <span data-contrast=\"auto\">: 001580 07326585598<\/span><span data-ccp-props=\"{&quot;335559685&quot;:2835,&quot;335559991&quot;:2977}\">\u00a0<\/span><\/p><p><span data-contrast=\"auto\">IBAN <\/span> <span data-contrast=\"auto\">: <\/span><b><span data-contrast=\"auto\">TR06 0001 5001 5800 7326 5855 98<\/span><\/b><span data-ccp-props=\"{&quot;335559685&quot;:2835,&quot;335559991&quot;:2977}\">\u00a0<\/span><\/p>\t\t\t\t\t\t\t\t<\/div>\n\t\t\t\t<\/div>\n\t\t\t\t\t<\/div>\n\t\t\t\t<\/div>\n\t\t\t\t<\/div>\n\t\t","protected":false},"excerpt":{"rendered":"<p>Please write your NAME AND SURNAME and the PRODUCT NAME and DIMENSIONS you want to order in the description section<\/p>\n","protected":false},"author":1,"featured_media":0,"parent":0,"menu_order":0,"comment_status":"closed","ping_status":"closed","template":"","meta":{"footnotes":""},"class_list":["post-27615","page","type-page","status-publish","hentry"],"_links":{"self":[{"href":"https:\/\/lakinstore.co\/en\/wp-json\/wp\/v2\/pages\/27615","targetHints":{"allow":["GET"]}}],"collection":[{"href":"https:\/\/lakinstore.co\/en\/wp-json\/wp\/v2\/pages"}],"about":[{"href":"https:\/\/lakinstore.co\/en\/wp-json\/wp\/v2\/types\/page"}],"author":[{"embeddable":true,"href":"https:\/\/lakinstore.co\/en\/wp-json\/wp\/v2\/users\/1"}],"replies":[{"embeddable":true,"href":"https:\/\/lakinstore.co\/en\/wp-json\/wp\/v2\/comments?post=27615"}],"version-history":[{"count":0,"href":"https:\/\/lakinstore.co\/en\/wp-json\/wp\/v2\/pages\/27615\/revisions"}],"wp:attachment":[{"href":"https:\/\/lakinstore.co\/en\/wp-json\/wp\/v2\/media?parent=27615"}],"curies":[{"name":"wp","href":"https:\/\/api.w.org\/{rel}","templated":true}]}}